{"id":60,"date":"2025-01-02T11:22:22","date_gmt":"2025-01-02T11:22:22","guid":{"rendered":"https:\/\/www.mosas.com.tr\/levha\/?page_id=60"},"modified":"2025-02-25T14:39:57","modified_gmt":"2025-02-25T14:39:57","slug":"hakkimizda","status":"publish","type":"page","link":"https:\/\/www.mosas.com.tr\/levha\/hakkimizda\/","title":{"rendered":"Hakk\u0131m\u0131zda"},"content":{"rendered":"<p>[vc_row overflow=&#8221;default&#8221;][vc_column][vc_column_text]<\/p>\n<p style=\"text-align: justify;\">Mosa\u015f Group sekt\u00f6rdeki 20 y\u0131ll\u0131 a\u015fk\u0131n tecr\u00fcbesi ve bilgi birikimiyle siz de\u011ferli m\u00fc\u015fterilerine en g\u00fcvenilir teknoloji ve m\u00fchendislik hizmetleri sunmaktad\u0131r. Yapt\u0131\u011f\u0131 ARGE ve m\u00fchendislik yat\u0131r\u0131mlar\u0131 sayesinde bug\u00fcn 100\u2019\u00fcn \u00fczerindeki \u00e7al\u0131\u015fan\u0131 ile T\u00fcrkiye sanayisinin cesur ad\u0131mlarla her ge\u00e7en g\u00fcn b\u00fcy\u00fcyen \u00f6nemli bir g\u00fcc\u00fcd\u00fcr.<\/p>\n<p style=\"text-align: justify;\">Mosa\u015f Group kuruldu\u011fu g\u00fcnden itibaren T\u00fcrkiye\u2019de ve \u00e7e\u015fitli yurt d\u0131\u015f\u0131 \u00fclkelerinde ger\u00e7ekle\u015ftirdi\u011fi ba\u015far\u0131l\u0131 projeler sayesinde Mosa\u015f Group \u2018a ait markalar giderek yayg\u0131nla\u015fm\u0131\u015ft\u0131r. Konya 4. Organize sanayisinde 10200 m2 kapal\u0131 alan i\u00e7erisinde \u00fcretim yapan Mosa\u015f Group, geli\u015fime ve yeniliklere a\u00e7\u0131k gen\u00e7 ve dinamik \u015firket yap\u0131s\u0131yla, her zaman beklentilerin \u00fczerinde \u00fcr\u00fcn ve hizmet kalitesini sunarak tam m\u00fc\u015fteri memnuniyeti hedeflemektedir. Ayr\u0131ca; sim\u00fclasyon yaz\u0131l\u0131mlar\u0131, kablosuz ileti\u015fim ve g\u00f6r\u00fcnt\u00fc i\u015fleme teknolojileri alan\u0131nda AR-GE \u00e7al\u0131\u015fmalar\u0131 y\u00fcr\u00fctt\u00fc\u011f\u00fc Ankara ODT\u00dc Teknokent b\u00f6lgesinde bir alana sahiptir.<\/p>\n<p style=\"text-align: justify;\">Teknik departmanlar\u0131 ve ekipleri ile m\u00fc\u015fterilerinin ihtiya\u00e7lar\u0131 do\u011frultusunda proje, \u00fcr\u00fcn, servis, bak\u0131m, montaj ve onar\u0131m ihtiya\u00e7lar\u0131n\u0131 zaman\u0131nda ve kalite ilkelerine sad\u0131k kalarak ger\u00e7ekle\u015ftirmektedir. Mosa\u015f Group sekt\u00f6rdeki etkin tecr\u00fcbesi ve bilgi birikimiyle, m\u00fc\u015fterilerinin ihtiya\u00e7 ve memnuniyetlerini en \u00f6nemli sermayesi olarak g\u00f6r\u00fcp projelerini bu do\u011frultuda titizlikle y\u00fcr\u00fctmektedir.<\/p>\n<p style=\"text-align: justify;\">Mosa\u015f Group; tart\u0131m teknolojileri alan\u0131nda TARALSA markas\u0131 ile ta\u015f\u0131t kantarlar\u0131, vagon kantarlar\u0131, end\u00fcstriyel bask\u00fcller, indikat\u00f6rler, y\u00fck h\u00fccreleri, \u00f6n ihbarl\u0131 hareketli tart\u0131m sistemleri, insans\u0131z tart\u0131m sistemleri ve tart\u0131m otomasyonlar\u0131 \u00fcretimlerini ger\u00e7ekle\u015ftirmektedir.<\/p>\n<p style=\"text-align: justify;\">Ula\u015f\u0131m teknolojileri alan\u0131nda, 5 mm ledli ve power ledli sinyal vericiler, senkron fla\u015f\u00f6rler, kav\u015fak kontrol cihazlar\u0131, ledli sinyalizasyon direkleri, sinyalizasyon kesintisiz g\u00fc\u00e7 kaynaklar\u0131, sesli yaya uyar\u0131 cihazlar\u0131 ve butonlar\u0131, ta\u015f\u0131nabilir de\u011fi\u015fken mesaj i\u015faretleri, kameral\u0131 ve loop dedekt\u00f6rl\u00fc ak\u0131ll\u0131 kav\u015fak sistemleri, trafik m\u00fchendisli\u011fi hizmetleri, hibrit ak\u0131ll\u0131 trafik sistemleri, de\u011fi\u015fken mesaj ve trafik i\u015faretleri, radarl\u0131 h\u0131z ikaz sistemleri, meteoroloji sistemleri, ak\u0131ll\u0131 ula\u015f\u0131m y\u00f6netim platformu, sim\u00fclasyon program\u0131 ve otomatik hemzemin ge\u00e7it sistemleri \u00fcretimlerini yapmaktad\u0131r.<\/p>\n<p style=\"text-align: justify;\">Ayr\u0131ca, Mosa\u015f Group; ayd\u0131nlatma alan\u0131nda g\u00fcne\u015f enerjili ve elektrikli ayd\u0131nlatma armat\u00fcrleri ve \u00e7elik konstr\u00fcksiyon alan\u0131nda bayrak dire\u011fi, ayd\u0131nlatma dire\u011fi, kamera direkleri sinyalizasyon direkleri ve \u00e7e\u015fitli tip konstr\u00fcksiyonlar\u0131n \u00fcretimlerini ger\u00e7ekle\u015ftirmektedir.<\/p>\n<p style=\"text-align: justify;\">Mosa\u015f Group, kaliteden \u00f6d\u00fcn vermeden ger\u00e7ekle\u015ftirdi\u011fi \u00fcretimleri i\u00e7in gereken TS EN 12368, TS EN 50556, EN 12966, TS EN 45501, TS 13170, TS 12962, TS 13243, TS 12498, TS 12540, ISO 9001, ISO 14001, ISO 18001 ve AT Tip Onay belgelerine sahip olup tam m\u00fc\u015fteri memnuniyeti hedefi do\u011frultusunda kaliteli yerli \u00fcr\u00fcn geli\u015ftirme vizyonu ile \u00fclke ekonomisine \u00f6nemli katk\u0131lar sa\u011flayarak b\u00fcy\u00fcmeye devam etmektedir.<\/p>\n<p>[\/vc_column_text]\n            \n            <div class=\"sh-empty-space vc_empty_space sh-empty-space-8ZhQmUnIpu  \" style=\"height: 30px\">\n                <span class=\"vc_empty_space_inner\"><\/span>\n            <\/div>\n\n        \n<div id=\"text-block-hn8dxJwRIf\" class=\"sh-text-block\">\n\t<\/p>\n<h2>B\u0130LG\u0130 G\u00dcVENL\u0130\u011e\u0130 POL\u0130T\u0130KASI<\/h2>\n<p><\/div>\n            <style type=\"text\/css\">\n                #text-block-hn8dxJwRIf {margin: 0px 0px 15px 0px;}#text-block-hn8dxJwRIf a:hover,#text-block-hn8dxJwRIf a:focus {color: #ff0000;}#text-block-hn8dxJwRIf .drop-cap {font-weight: bold;font-size: 50px;display: block;float: left;margin: 8px 10px 0 0;}            <\/style>\n        [\/vc_column][\/vc_row][vc_row overflow=&#8221;default&#8221;][vc_column][vc_column_text]<strong>MOSA\u015e;<\/strong> D\u0131\u015f Ticaret faaliyetleri esnas\u0131nda hizmet vermekte oldu\u011fu m\u00fc\u015fterilerinin ticari hizmete \u00f6zel ve gizli bilgilerine sahip olabilmektedir. Hizmet verilen kurum ve kurulu\u015flar\u0131n g\u00fcvenini temin etmek ve verdi\u011fimiz hizmetler i\u00e7in kulland\u0131\u011f\u0131m\u0131z bilgi varl\u0131klar\u0131m\u0131z\u0131n g\u00fcvenli\u011fini sa\u011flamam\u0131z \u00f6ncelikli amac\u0131m\u0131zd\u0131r.<\/p>\n<p>Bu ba\u011flamda; i\u015f birli\u011finde bulundu\u011fumuz m\u00fc\u015fteriler, resmi kurumlar ve bayilerimiz ile ili\u015fkilerimiz \u00e7ok de\u011ferlidir. Sunmakta oldu\u011fumuz hizmetlerin s\u00fcreklili\u011fi, elimizde tuttu\u011fumuz bilgilerin gizlili\u011fi, m\u00fc\u015fterilerin veya kendi i\u00e7imizdeki bilgi varl\u0131klar\u0131n\u0131n b\u00fct\u00fcnl\u00fc\u011f\u00fc y\u00fcksek \u00f6neme sahiptir. Bu ama\u00e7la:<\/p>\n<p>1. Kapsam dahilindeki t\u00fcm kurumsal ve ki\u015fiye \u00f6zel bilgilerin gizlili\u011fini, b\u00fct\u00fcnl\u00fc\u011f\u00fcn\u00fc, yetkiler dahilinde eri\u015filebilirli\u011fini ve s\u00fcreklili\u011fini korumay\u0131,<\/p>\n<p>2. Yasal d\u00fczenlemelere, mevzuat h\u00fck\u00fcmlerine ve s\u00f6zle\u015fmelere uygun \u015fekilde; hatas\u0131z, m\u00fcmk\u00fcn olan en k\u0131sa s\u00fcrede ve kesintisiz olarak hizmetlerimizi sunmay\u0131,<\/p>\n<p>3. Bilgi g\u00fcvenli\u011fi y\u00f6netim sistemimizin TS ISO\/IEC 27001 BGYS standard\u0131n\u0131n gereklerini yerine getirecek \u015fekilde kaynaklar\u0131n tahsis edilmesini, kurulmas\u0131n\u0131, i\u015fletilmesini ve s\u00fcrekli iyile\u015ftirilmesini,<\/p>\n<p>4. \u0130\u015f s\u00fcre\u00e7lerinin bilgi g\u00fcvenli\u011fi y\u00f6netim sistemi kapsam\u0131nda haz\u0131rlanan ve onaylanan politika ve prosed\u00fcrlere uygun \u015fekilde y\u00fcr\u00fct\u00fclmesini sa\u011flamay\u0131,<\/p>\n<p>5. Bilgi g\u00fcvenli\u011fi ile ilgili t\u00fcm yasal mevzuat ve s\u00f6zle\u015fmelere uyulmas\u0131n\u0131,<\/p>\n<p>6. Bilgi varl\u0131klar\u0131na y\u00f6nelik risklerin tan\u0131mlanmas\u0131n\u0131 ve sistematik olarak y\u00f6netilmesini,<\/p>\n<p>7. Bilgi g\u00fcvenli\u011fi fark\u0131ndal\u0131\u011f\u0131n\u0131 art\u0131rmak amac\u0131yla teknik ve davran\u0131\u015fsal yetkinlikleri geli\u015ftirecek e\u011fitimlerin ger\u00e7ekle\u015ftirilmesini,<\/p>\n<p>8. Bilgi teknolojileri alan\u0131nda meydana gelen geli\u015fim ve de\u011fi\u015fime uyum sa\u011flamak amac\u0131yla dinamik bir yap\u0131 olu\u015fturmay\u0131 ve otoriteler ile ileti\u015fimleri art\u0131rmay\u0131,<br \/>\ntaahh\u00fct eder.[\/vc_column_text]\n<div id=\"icon-group-0sd2XZRMOA\" class=\"sh-icon-group sh-icon-group-center sh-icon-group-style2\">\n\t\n\t\t\t<div class=\"sh-icon-group-item\">\n\t\t\t\t<div class=\"sh-icon-group-item-container\">\n\t\t\t\t\t\t\t\t\t\t\t<a href=\"https:\/\/www.instagram.com\/mosasgroup\" target=\"_blank\">\n\t\t\t\t\t\n\t\t\t\t\t\t<i class=\"icon-social-instagram\"><\/i>\n\n\t\t\t\t\t\t\t\t\t\t\t<\/a>\n\t\t\t\t\t\t\t\t\t<\/div>\n\t\t\t<\/div>\n\n\t\n\t\t\t<div class=\"sh-icon-group-item\">\n\t\t\t\t<div class=\"sh-icon-group-item-container\">\n\t\t\t\t\t\t\t\t\t\t\t<a href=\"https:\/\/www.facebook.com\/mosasgroup\" target=\"_blank\">\n\t\t\t\t\t\n\t\t\t\t\t\t<i class=\"fa fa-facebook-official\"><\/i>\n\n\t\t\t\t\t\t\t\t\t\t\t<\/a>\n\t\t\t\t\t\t\t\t\t<\/div>\n\t\t\t<\/div>\n\n\t\n\t\t\t<div class=\"sh-icon-group-item\">\n\t\t\t\t<div class=\"sh-icon-group-item-container\">\n\t\t\t\t\t\t\t\t\t\t\t<a href=\"https:\/\/www.youtube.com\/channel\/UCAwFjKRD3Y5hwjNy7G1EuvA?\" target=\"_blank\">\n\t\t\t\t\t\n\t\t\t\t\t\t<i class=\"icon-social-youtube\"><\/i>\n\n\t\t\t\t\t\t\t\t\t\t\t<\/a>\n\t\t\t\t\t\t\t\t\t<\/div>\n\t\t\t<\/div>\n\n\t<\/div>\n            <style type=\"text\/css\">\n                            <\/style>\n        \n            \n            <div class=\"sh-empty-space vc_empty_space sh-empty-space-GgSblT1cnw  \" style=\"height: 30px\">\n                <span class=\"vc_empty_space_inner\"><\/span>\n            <\/div>\n\n        [\/vc_column][\/vc_row][vc_row overflow=&#8221;default&#8221;][vc_column css_animation=&#8221;fadeInUp&#8221; width=&#8221;1\/3&#8243; responsive_border=&#8221;disabled&#8221; css=&#8221;.vc_custom_1535116738067{border-left-width: 1px !important;padding-top: 0px !important;padding-bottom: 0px !important;border-left-color: #ececec !important;border-left-style: solid !important;}&#8221; max_width=&#8221;450px&#8221;]\n            \n            <div class=\"sh-empty-space vc_empty_space sh-empty-space-7A8olCex13  \" style=\"height: 50px\">\n                <span class=\"vc_empty_space_inner\"><\/span>\n            <\/div>\n\n        \n<div class=\"sh-iconbox sh-iconbox-style2 sh-iconbox-left improved-responsiveness\" id=\"iconbox-MZjkUtub9f\">\n\t\n\t\t\t\t\t<div class=\"sh-iconbox-icon\">\n\t\t\t\t<div class=\"sh-iconbox-icon-shape sh-iconbox-square\">\n\t\t\t\t\t<i class=\"sh-iconbox-hover icon-home\"><\/i>\n\n\t\t\t\t\t\t\t\t\t<\/div>\n\t\t\t<\/div>\n\t\t\n\t\t<div class=\"sh-iconbox-aside\">\n\t\t\t<div class=\"sh-iconbox-title\">\n\t\t\t\t\t\t\t\t\t<h3>10200 m2 kapal\u0131 alana kurulu<\/h3>\n\t\t\t\t\t\t\t<\/div>\n\t\t\t<div class=\"sh-iconbox-seperator\"><\/div>\n\t\t\t<div class=\"sh-iconbox-content\">\n\t\t\t\t\u00fcretim ve Ar-Ge faaliyetlerinin y\u00fcr\u00fct\u00fcld\u00fc\u011f\u00fc, yeni nesil test cihazlar\u0131 ile donat\u0131lm\u0131\u015f bir teknoloji \u00fcss\u00fc\t\t\t<\/div>\n\t\t<\/div>\n\n\t<\/div>\n            <style type=\"text\/css\">\n                #iconbox-MZjkUtub9f .sh-iconbox-title h3 {color: #505050;font-size: 16px;}#iconbox-MZjkUtub9f.sh-iconbox-left .sh-iconbox-aside {margin-left: 7.2px;}#iconbox-MZjkUtub9f .sh-iconbox-hover {font-size: 36px;}#iconbox-MZjkUtub9f.sh-iconbox-left .sh-iconbox-aside {padding-left: 66px;}#iconbox-MZjkUtub9f .sh-iconbox-hover {color: #b6b6b6;}#iconbox-MZjkUtub9f.sh-iconbox-style6 .sh-iconbox-hover {text-shadow: -3px 2px rgba(182,182,182,0.3);}#iconbox-MZjkUtub9f .sh-iconbox-content {color: #8d8d8d;}#iconbox-MZjkUtub9f:hover .sh-iconbox-hover {color: #47c9e5;}            <\/style>\n        [\/vc_column][vc_column css_animation=&#8221;fadeInUp&#8221; width=&#8221;1\/3&#8243; responsive_border=&#8221;disabled&#8221; css=&#8221;.vc_custom_1535116721894{border-left-width: 1px !important;padding-top: 0px !important;padding-bottom: 0px !important;border-left-color: #ececec !important;border-left-style: solid !important;}&#8221; max_width=&#8221;450&#8243;]\n            \n            <div class=\"sh-empty-space vc_empty_space sh-empty-space-tLWzQTHUlJ  \" style=\"height: 50px\">\n                <span class=\"vc_empty_space_inner\"><\/span>\n            <\/div>\n\n        \n<div class=\"sh-iconbox sh-iconbox-style2 sh-iconbox-left improved-responsiveness\" id=\"iconbox-ruDP0YxdAw\">\n\t\n\t\t\t\t\t<div class=\"sh-iconbox-icon\">\n\t\t\t\t<div class=\"sh-iconbox-icon-shape sh-iconbox-square\">\n\t\t\t\t\t<i class=\"sh-iconbox-hover icon-people\"><\/i>\n\n\t\t\t\t\t\t\t\t\t<\/div>\n\t\t\t<\/div>\n\t\t\n\t\t<div class=\"sh-iconbox-aside\">\n\t\t\t<div class=\"sh-iconbox-title\">\n\t\t\t\t\t\t\t\t\t<h3>143 ki\u015filik<\/h3>\n\t\t\t\t\t\t\t<\/div>\n\t\t\t<div class=\"sh-iconbox-seperator\"><\/div>\n\t\t\t<div class=\"sh-iconbox-content\">\n\t\t\t\ther biri alan\u0131nda uzman kadro\t\t\t<\/div>\n\t\t<\/div>\n\n\t<\/div>\n            <style type=\"text\/css\">\n                #iconbox-ruDP0YxdAw .sh-iconbox-title h3 {color: #505050;font-size: 16px;}#iconbox-ruDP0YxdAw.sh-iconbox-left .sh-iconbox-aside {margin-left: 7.2px;}#iconbox-ruDP0YxdAw .sh-iconbox-hover {font-size: 36px;}#iconbox-ruDP0YxdAw.sh-iconbox-left .sh-iconbox-aside {padding-left: 66px;}#iconbox-ruDP0YxdAw .sh-iconbox-hover {color: #b6b6b6;}#iconbox-ruDP0YxdAw.sh-iconbox-style6 .sh-iconbox-hover {text-shadow: -3px 2px rgba(182,182,182,0.3);}#iconbox-ruDP0YxdAw .sh-iconbox-content {color: #8d8d8d;}#iconbox-ruDP0YxdAw:hover .sh-iconbox-hover {color: #47c9e5;}            <\/style>\n        [\/vc_column][vc_column css_animation=&#8221;fadeInUp&#8221; width=&#8221;1\/3&#8243; responsive_border=&#8221;disabled&#8221; css=&#8221;.vc_custom_1535116743387{border-left-width: 1px !important;padding-top: 0px !important;padding-bottom: 0px !important;border-left-color: #ececec !important;border-left-style: solid !important;}&#8221; max_width=&#8221;450&#8243;]\n            \n            <div class=\"sh-empty-space vc_empty_space sh-empty-space-CNbiKaphcz  \" style=\"height: 50px\">\n                <span class=\"vc_empty_space_inner\"><\/span>\n            <\/div>\n\n        \n<div class=\"sh-iconbox sh-iconbox-style2 sh-iconbox-left improved-responsiveness\" id=\"iconbox-DxB5H7G2gk\">\n\t\n\t\t\t\t\t<div class=\"sh-iconbox-icon\">\n\t\t\t\t<div class=\"sh-iconbox-icon-shape sh-iconbox-square\">\n\t\t\t\t\t<i class=\"sh-iconbox-hover pe-7s-global\"><\/i>\n\n\t\t\t\t\t\t\t\t\t<\/div>\n\t\t\t<\/div>\n\t\t\n\t\t<div class=\"sh-iconbox-aside\">\n\t\t\t<div class=\"sh-iconbox-title\">\n\t\t\t\t\t\t\t\t\t<h3>93 farkl\u0131<\/h3>\n\t\t\t\t\t\t\t<\/div>\n\t\t\t<div class=\"sh-iconbox-seperator\"><\/div>\n\t\t\t<div class=\"sh-iconbox-content\">\n\t\t\t\tD\u00fcnya\u2019da ve T\u00fcrkiye\u2019de 93 farkl\u0131 \u015fehirde ba\u015far\u0131 ile tamamlanm\u0131\u015f proje\t\t\t<\/div>\n\t\t<\/div>\n\n\t<\/div>\n            <style type=\"text\/css\">\n                #iconbox-DxB5H7G2gk .sh-iconbox-title h3 {color: #505050;font-size: 16px;}#iconbox-DxB5H7G2gk.sh-iconbox-left .sh-iconbox-aside {margin-left: 7.2px;}#iconbox-DxB5H7G2gk .sh-iconbox-hover {font-size: 36px;}#iconbox-DxB5H7G2gk.sh-iconbox-left .sh-iconbox-aside {padding-left: 66px;}#iconbox-DxB5H7G2gk .sh-iconbox-hover {color: #b6b6b6;}#iconbox-DxB5H7G2gk.sh-iconbox-style6 .sh-iconbox-hover {text-shadow: -3px 2px rgba(182,182,182,0.3);}#iconbox-DxB5H7G2gk .sh-iconbox-content {color: #8d8d8d;}#iconbox-DxB5H7G2gk:hover .sh-iconbox-hover {color: #47c9e5;}            <\/style>\n        [\/vc_column][\/vc_row][vc_row full_width=&#8221;stretch_row&#8221; overflow=&#8221;default&#8221; css=&#8221;.vc_custom_1566222089595{margin-top: 50px !important;margin-bottom: 0px !important;padding-top: 40px !important;padding-bottom: 80px !important;background-color: #f9f9f9 !important;}&#8221;][vc_column]\n<div id=\"divider-r8IRCNcvLo\" class=\"sh-divider sh-divider- sh-divider-content-title_option\">\n\t\t\t<div class=\"sh-divider-content\">\n\t\t\t<span class=\"sh-divider-title\">\n\t\t\t\tMarkalar\u0131m\u0131z\t\t\t<\/span>\n\t\t<\/div>\n\t<\/div>\n            <style type=\"text\/css\">\n                #divider-r8IRCNcvLo {}#divider-r8IRCNcvLo .sh-divider-content:before,#divider-r8IRCNcvLo .sh-divider-content:after {border-top-width: 1px;margin-top: -1pxpx;border-top-color: #b8b8b8;border-top-style: solid;}#divider-r8IRCNcvLo .sh-divider-title {color: #b8b8b8;}            <\/style>\n        \n\n\n\n<div id=\"partners-iGc2MKIWN9\" class=\"sh-partners-carousel\" data-autoplay=\"1000\" data-id=\"5\">\n\t\t\t\t\t\t<div class=\"\">\n\t\t\t\t<div class=\"sh-partners-carousel-item-content\">\n\t\t\t\t\t\n\t\t\t\t\t<img decoding=\"async\" src=\"\" alt=\"\" \/>\n\n\t\t\t\t\t\t\t\t\t<\/div>\n\t\t\t<\/div>\n\t\t\t\t\t<div class=\"\">\n\t\t\t\t<div class=\"sh-partners-carousel-item-content\">\n\t\t\t\t\t\n\t\t\t\t\t<img decoding=\"async\" src=\"\" alt=\"\" \/>\n\n\t\t\t\t\t\t\t\t\t<\/div>\n\t\t\t<\/div>\n\t\t\t\t\t<div class=\"\">\n\t\t\t\t<div class=\"sh-partners-carousel-item-content\">\n\t\t\t\t\t\n\t\t\t\t\t<img decoding=\"async\" src=\"\" alt=\"\" \/>\n\n\t\t\t\t\t\t\t\t\t<\/div>\n\t\t\t<\/div>\n\t\t\t\t\t<div class=\"\">\n\t\t\t\t<div class=\"sh-partners-carousel-item-content\">\n\t\t\t\t\t\n\t\t\t\t\t<img decoding=\"async\" src=\"\" alt=\"\" \/>\n\n\t\t\t\t\t\t\t\t\t<\/div>\n\t\t\t<\/div>\n\t\t\t\t\t<div class=\"\">\n\t\t\t\t<div class=\"sh-partners-carousel-item-content\">\n\t\t\t\t\t\n\t\t\t\t\t<img decoding=\"async\" src=\"\" alt=\"\" \/>\n\n\t\t\t\t\t\t\t\t\t<\/div>\n\t\t\t<\/div>\n\t\t\t\t\t<div class=\"\">\n\t\t\t\t<div class=\"sh-partners-carousel-item-content\">\n\t\t\t\t\t\n\t\t\t\t\t<img decoding=\"async\" src=\"\" alt=\"\" \/>\n\n\t\t\t\t\t\t\t\t\t<\/div>\n\t\t\t<\/div>\n\t\t\t\t\t<div class=\"\">\n\t\t\t\t<div class=\"sh-partners-carousel-item-content\">\n\t\t\t\t\t\n\t\t\t\t\t<img decoding=\"async\" src=\"\" alt=\"\" \/>\n\n\t\t\t\t\t\t\t\t\t<\/div>\n\t\t\t<\/div>\n\t\t\t\t\t<div class=\"\">\n\t\t\t\t<div class=\"sh-partners-carousel-item-content\">\n\t\t\t\t\t\n\t\t\t\t\t<img decoding=\"async\" src=\"\" alt=\"\" \/>\n\n\t\t\t\t\t\t\t\t\t<\/div>\n\t\t\t<\/div>\n\t\t\t\t\t<div class=\"\">\n\t\t\t\t<div class=\"sh-partners-carousel-item-content\">\n\t\t\t\t\t\n\t\t\t\t\t<img decoding=\"async\" src=\"\" alt=\"\" \/>\n\n\t\t\t\t\t\t\t\t\t<\/div>\n\t\t\t<\/div>\n\t\t\t\t\t<div class=\"\">\n\t\t\t\t<div class=\"sh-partners-carousel-item-content\">\n\t\t\t\t\t\n\t\t\t\t\t<img decoding=\"async\" src=\"\" alt=\"\" \/>\n\n\t\t\t\t\t\t\t\t\t<\/div>\n\t\t\t<\/div>\n\t\t\t\t\t<div class=\"\">\n\t\t\t\t<div class=\"sh-partners-carousel-item-content\">\n\t\t\t\t\t\n\t\t\t\t\t<img decoding=\"async\" src=\"\" alt=\"\" \/>\n\n\t\t\t\t\t\t\t\t\t<\/div>\n\t\t\t<\/div>\n\t\t\t\t\t<div class=\"\">\n\t\t\t\t<div class=\"sh-partners-carousel-item-content\">\n\t\t\t\t\t\n\t\t\t\t\t<img decoding=\"async\" src=\"\" alt=\"\" \/>\n\n\t\t\t\t\t\t\t\t\t<\/div>\n\t\t\t<\/div>\n\t\t\t\t\t<div class=\"\">\n\t\t\t\t<div class=\"sh-partners-carousel-item-content\">\n\t\t\t\t\t\n\t\t\t\t\t<img decoding=\"async\" src=\"\" alt=\"\" \/>\n\n\t\t\t\t\t\t\t\t\t<\/div>\n\t\t\t<\/div>\n\t\t\t\t\t<div class=\"\">\n\t\t\t\t<div class=\"sh-partners-carousel-item-content\">\n\t\t\t\t\t\n\t\t\t\t\t<img decoding=\"async\" src=\"\" alt=\"\" \/>\n\n\t\t\t\t\t\t\t\t\t<\/div>\n\t\t\t<\/div>\n\t\t\t<\/div>\n            <style type=\"text\/css\">\n                #partners-iGc2MKIWN9 a img:hover {opacity: 0.75!important;}#partners-iGc2MKIWN9 .sh-partners-item {width: 20%;}@media (max-width: 1000px) {#partners-iGc2MKIWN9 .sh-partners-item {width: 33%;}}@media (max-width: 850px) {#partners-iGc2MKIWN9 .sh-partners-item {width: 50%;}}#partners-iGc2MKIWN9 .slick-slide:not(:last-child) {border-right: 1px solid rgba(0,0,0,0.08);}            <\/style>\n        [\/vc_column][\/vc_row][vc_row full_width=&#8221;stretch_row_content_no_spaces&#8221; overflow=&#8221;default&#8221;][vc_column][vc_single_image image=&#8221;3181&#8243; img_size=&#8221;full&#8221; alignment=&#8221;center&#8221; css_animation=&#8221;slideInUp&#8221;][\/vc_column][\/vc_row]<\/p>\n","protected":false},"excerpt":{"rendered":"<p>[vc_row overflow=&#8221;default&#8221;][vc_column][vc_column_text] Mosa\u015f Group sekt\u00f6rdeki 20 y\u0131ll\u0131 a\u015fk\u0131n tecr\u00fcbesi ve bilgi birikimiyle siz de\u011ferli m\u00fc\u015fterilerine en g\u00fcvenilir teknoloji ve m\u00fchendislik hizmetleri sunmaktad\u0131r. Yapt\u0131\u011f\u0131 ARGE ve m\u00fchendislik yat\u0131r\u0131mlar\u0131 sayesinde bug\u00fcn 100\u2019\u00fcn \u00fczerindeki \u00e7al\u0131\u015fan\u0131 ile T\u00fcrkiye&#8230;<\/p>\n","protected":false},"author":1,"featured_media":0,"parent":0,"menu_order":0,"comment_status":"closed","ping_status":"closed","template":"","meta":{"footnotes":""},"class_list":["post-60","page","type-page","status-publish","hentry"],"_links":{"self":[{"href":"https:\/\/www.mosas.com.tr\/levha\/wp-json\/wp\/v2\/pages\/60","targetHints":{"allow":["GET"]}}],"collection":[{"href":"https:\/\/www.mosas.com.tr\/levha\/wp-json\/wp\/v2\/pages"}],"about":[{"href":"https:\/\/www.mosas.com.tr\/levha\/wp-json\/wp\/v2\/types\/page"}],"author":[{"embeddable":true,"href":"https:\/\/www.mosas.com.tr\/levha\/wp-json\/wp\/v2\/users\/1"}],"replies":[{"embeddable":true,"href":"https:\/\/www.mosas.com.tr\/levha\/wp-json\/wp\/v2\/comments?post=60"}],"version-history":[{"count":2,"href":"https:\/\/www.mosas.com.tr\/levha\/wp-json\/wp\/v2\/pages\/60\/revisions"}],"predecessor-version":[{"id":207,"href":"https:\/\/www.mosas.com.tr\/levha\/wp-json\/wp\/v2\/pages\/60\/revisions\/207"}],"wp:attachment":[{"href":"https:\/\/www.mosas.com.tr\/levha\/wp-json\/wp\/v2\/media?parent=60"}],"curies":[{"name":"wp","href":"https:\/\/api.w.org\/{rel}","templated":true}]}}