{"id":34,"date":"2025-01-02T11:18:58","date_gmt":"2025-01-02T11:18:58","guid":{"rendered":"https:\/\/www.mosas.com.tr\/levha\/?page_id=34"},"modified":"2025-02-26T07:36:13","modified_gmt":"2025-02-26T07:36:13","slug":"yapi-ve-onarim-isaretleri","status":"publish","type":"page","link":"https:\/\/www.mosas.com.tr\/levha\/yapi-ve-onarim-isaretleri\/","title":{"rendered":"Yap\u0131m ve Onar\u0131m \u0130\u015faretleri"},"content":{"rendered":"<p>[vc_row][vc_column width=&#8221;1\/3&#8243;][vc_column_text]<\/p>\n<h1>Yap\u0131m ve Onar\u0131m \u0130\u015faretleri<\/h1>\n<p>Yap\u0131m ve onar\u0131m i\u015faretleri, \u00e7e\u015fitli altyap\u0131 ve in\u015faat \u00e7al\u0131\u015fmalar\u0131 s\u0131ras\u0131nda hem g\u00fcvenli\u011fi sa\u011flamak hem de bilgi vermek amac\u0131yla kullan\u0131lan uyar\u0131 ve y\u00f6nlendirme ara\u00e7lar\u0131d\u0131r. Bu i\u015faretler, hem \u00e7al\u0131\u015fanlar\u0131 hem de \u00e7evredeki s\u00fcr\u00fcc\u00fc ve yayalar\u0131 bilgilendirerek g\u00fcvenli bir \u00e7al\u0131\u015fma ortam\u0131 olu\u015fturmay\u0131 hedefler.[\/vc_column_text][\/vc_column][vc_column width=&#8221;2\/3&#8243;][vc_single_image image=&#8221;214&#8243; img_size=&#8221;large&#8221;][\/vc_column][\/vc_row][vc_row][vc_column][vc_media_grid style=&#8221;pagination&#8221; items_per_page=&#8221;5&#8243; element_width=&#8221;2&#8243; grid_id=&#8221;vc_gid:1740555333281-34a536acd60d402f270f61fb13dae9c9-9&#8243;][\/vc_column][\/vc_row]<\/p>\n","protected":false},"excerpt":{"rendered":"<p>[vc_row][vc_column width=&#8221;1\/3&#8243;][vc_column_text] Yap\u0131m ve Onar\u0131m \u0130\u015faretleri Yap\u0131m ve onar\u0131m i\u015faretleri, \u00e7e\u015fitli altyap\u0131 ve in\u015faat \u00e7al\u0131\u015fmalar\u0131 s\u0131ras\u0131nda hem g\u00fcvenli\u011fi sa\u011flamak hem de bilgi vermek amac\u0131yla kullan\u0131lan uyar\u0131 ve y\u00f6nlendirme ara\u00e7lar\u0131d\u0131r. Bu i\u015faretler, hem \u00e7al\u0131\u015fanlar\u0131 hem&#8230;<\/p>\n","protected":false},"author":1,"featured_media":0,"parent":0,"menu_order":0,"comment_status":"closed","ping_status":"closed","template":"","meta":{"footnotes":""},"class_list":["post-34","page","type-page","status-publish","hentry"],"_links":{"self":[{"href":"https:\/\/www.mosas.com.tr\/levha\/wp-json\/wp\/v2\/pages\/34","targetHints":{"allow":["GET"]}}],"collection":[{"href":"https:\/\/www.mosas.com.tr\/levha\/wp-json\/wp\/v2\/pages"}],"about":[{"href":"https:\/\/www.mosas.com.tr\/levha\/wp-json\/wp\/v2\/types\/page"}],"author":[{"embeddable":true,"href":"https:\/\/www.mosas.com.tr\/levha\/wp-json\/wp\/v2\/users\/1"}],"replies":[{"embeddable":true,"href":"https:\/\/www.mosas.com.tr\/levha\/wp-json\/wp\/v2\/comments?post=34"}],"version-history":[{"count":4,"href":"https:\/\/www.mosas.com.tr\/levha\/wp-json\/wp\/v2\/pages\/34\/revisions"}],"predecessor-version":[{"id":215,"href":"https:\/\/www.mosas.com.tr\/levha\/wp-json\/wp\/v2\/pages\/34\/revisions\/215"}],"wp:attachment":[{"href":"https:\/\/www.mosas.com.tr\/levha\/wp-json\/wp\/v2\/media?parent=34"}],"curies":[{"name":"wp","href":"https:\/\/api.w.org\/{rel}","templated":true}]}}