{"id":33,"date":"2025-01-02T11:18:58","date_gmt":"2025-01-02T11:18:58","guid":{"rendered":"https:\/\/www.mosas.com.tr\/levha\/?page_id=33"},"modified":"2025-02-20T11:46:01","modified_gmt":"2025-02-20T11:46:01","slug":"otoyol-isaretleri","status":"publish","type":"page","link":"https:\/\/www.mosas.com.tr\/levha\/otoyol-isaretleri\/","title":{"rendered":"Otoyol \u0130\u015faretleri"},"content":{"rendered":"<p>[vc_row][vc_column width=&#8221;1\/3&#8243;][vc_column_text]<\/p>\n<h1>Trafik Otoyol \u0130\u015faretleri<\/h1>\n<p>Otoyollarda g\u00fcvenli, h\u0131zl\u0131 ve d\u00fczenli bir trafik ak\u0131\u015f\u0131 sa\u011flamak amac\u0131yla s\u00fcr\u00fcc\u00fcleri bilgilendiren ve y\u00f6nlendiren \u00f6zel i\u015faretlerdir. Otoyol i\u015faretleri, \u015fehir i\u00e7i yollardan farkl\u0131 olarak, y\u00fcksek h\u0131zda seyreden ara\u00e7lar\u0131n g\u00fcvenli bir \u015fekilde otoyolda ilerleyebilmeleri i\u00e7in tasarlanm\u0131\u015f olup, genellikle mavi zemin \u00fczerine beyaz yaz\u0131 ve sembollerle ifade edilir.[\/vc_column_text][\/vc_column][vc_column width=&#8221;2\/3&#8243;][vc_single_image image=&#8221;189&#8243; img_size=&#8221;large&#8221;][\/vc_column][\/vc_row][vc_row][vc_column][vc_media_grid style=&#8221;pagination&#8221; items_per_page=&#8221;5&#8243; element_width=&#8221;2&#8243; grid_id=&#8221;vc_gid:1740051947397-5c26eb1b-160b-1&#8243;][\/vc_column][\/vc_row]<\/p>\n","protected":false},"excerpt":{"rendered":"<p>[vc_row][vc_column width=&#8221;1\/3&#8243;][vc_column_text] Trafik Otoyol \u0130\u015faretleri Otoyollarda g\u00fcvenli, h\u0131zl\u0131 ve d\u00fczenli bir trafik ak\u0131\u015f\u0131 sa\u011flamak amac\u0131yla s\u00fcr\u00fcc\u00fcleri bilgilendiren ve y\u00f6nlendiren \u00f6zel i\u015faretlerdir. Otoyol i\u015faretleri, \u015fehir i\u00e7i yollardan farkl\u0131 olarak, y\u00fcksek h\u0131zda seyreden ara\u00e7lar\u0131n g\u00fcvenli bir&#8230;<\/p>\n","protected":false},"author":1,"featured_media":0,"parent":0,"menu_order":0,"comment_status":"closed","ping_status":"closed","template":"","meta":{"footnotes":""},"class_list":["post-33","page","type-page","status-publish","hentry"],"_links":{"self":[{"href":"https:\/\/www.mosas.com.tr\/levha\/wp-json\/wp\/v2\/pages\/33","targetHints":{"allow":["GET"]}}],"collection":[{"href":"https:\/\/www.mosas.com.tr\/levha\/wp-json\/wp\/v2\/pages"}],"about":[{"href":"https:\/\/www.mosas.com.tr\/levha\/wp-json\/wp\/v2\/types\/page"}],"author":[{"embeddable":true,"href":"https:\/\/www.mosas.com.tr\/levha\/wp-json\/wp\/v2\/users\/1"}],"replies":[{"embeddable":true,"href":"https:\/\/www.mosas.com.tr\/levha\/wp-json\/wp\/v2\/comments?post=33"}],"version-history":[{"count":2,"href":"https:\/\/www.mosas.com.tr\/levha\/wp-json\/wp\/v2\/pages\/33\/revisions"}],"predecessor-version":[{"id":190,"href":"https:\/\/www.mosas.com.tr\/levha\/wp-json\/wp\/v2\/pages\/33\/revisions\/190"}],"wp:attachment":[{"href":"https:\/\/www.mosas.com.tr\/levha\/wp-json\/wp\/v2\/media?parent=33"}],"curies":[{"name":"wp","href":"https:\/\/api.w.org\/{rel}","templated":true}]}}