{"id":260,"date":"2025-08-20T08:05:50","date_gmt":"2025-08-20T08:05:50","guid":{"rendered":"https:\/\/www.mosas.com.tr\/levha\/?page_id=260"},"modified":"2025-08-20T08:07:24","modified_gmt":"2025-08-20T08:07:24","slug":"communication","status":"publish","type":"page","link":"https:\/\/www.mosas.com.tr\/levha\/en\/communication\/","title":{"rendered":"Communication"},"content":{"rendered":"<p>[vc_row full_width=&#8221;stretch_row_content_no_spaces&#8221; equal_height=&#8221;yes&#8221; content_placement=&#8221;middle&#8221; css_animation=&#8221;slideInUp&#8221; overflow=&#8221;default&#8221; el_id=&#8221;contacts&#8221; css=&#8221;.vc_custom_1566221877018{margin-top: -75px !important;}&#8221;][vc_column width=&#8221;1\/3&#8243; overflow=&#8221;default&#8221; css=&#8221;.vc_custom_1566223461894{padding-top: 100px !important;padding-bottom: 80px !important;background-color: #108fcf !important;}&#8221; max_width=&#8221;300&#8243; padding_tablet=&#8221;50px 0px 50px 0px&#8221;]\n<div class=\"sh-iconbox sh-iconbox-style2 sh-iconbox-left improved-responsiveness\" id=\"iconbox-gzei2pLOQj\">\n\t\n\t\t\t\t\t<div class=\"sh-iconbox-icon\">\n\t\t\t\t<div class=\"sh-iconbox-icon-shape sh-iconbox-square\">\n\t\t\t\t\t<i class=\"sh-iconbox-hover icon-envelope\"><\/i>\n\n\t\t\t\t\t\t\t\t\t<\/div>\n\t\t\t<\/div>\n\t\t\n\t\t<div class=\"sh-iconbox-aside\">\n\t\t\t<div class=\"sh-iconbox-title\">\n\t\t\t\t\t\t\t\t\t<h3>Email<\/h3>\n\t\t\t\t\t\t\t<\/div>\n\t\t\t<div class=\"sh-iconbox-seperator\"><\/div>\n\t\t\t<div class=\"sh-iconbox-content\">\n\t\t\t\tmosas@mosas.com.tr<br \/>\ntaralsa@taralsa.com.tr\t\t\t<\/div>\n\t\t<\/div>\n\n\t<\/div>\n            <style type=\"text\/css\">\n                #iconbox-gzei2pLOQj .sh-iconbox-title h3 {color: #ffffff;font-size: 16px;}#iconbox-gzei2pLOQj .sh-iconbox-hover {color: #ffffff;}#iconbox-gzei2pLOQj.sh-iconbox-style6 .sh-iconbox-hover {text-shadow: -3px 2px rgba(255,255,255,0.3);}#iconbox-gzei2pLOQj .sh-iconbox-content {color: #e1edef;}            <\/style>\n        [\/vc_column][vc_column width=&#8221;1\/3&#8243; overflow=&#8221;default&#8221; css=&#8221;.vc_custom_1566223504411{background-color: #088cce !important;}&#8221; max_width=&#8221;300&#8243; padding_tablet=&#8221;50px 0px 50px 0px&#8221;]\n<div class=\"sh-iconbox sh-iconbox-style2 sh-iconbox-left improved-responsiveness\" id=\"iconbox-cTM5FWt0K4\">\n\t\n\t\t\t\t\t<div class=\"sh-iconbox-icon\">\n\t\t\t\t<div class=\"sh-iconbox-icon-shape sh-iconbox-square\">\n\t\t\t\t\t<i class=\"sh-iconbox-hover fa fa-map-marker\"><\/i>\n\n\t\t\t\t\t\t\t\t\t<\/div>\n\t\t\t<\/div>\n\t\t\n\t\t<div class=\"sh-iconbox-aside\">\n\t\t\t<div class=\"sh-iconbox-title\">\n\t\t\t\t\t\t\t\t\t<h3>Adress<\/h3>\n\t\t\t\t\t\t\t<\/div>\n\t\t\t<div class=\"sh-iconbox-seperator\"><\/div>\n\t\t\t<div class=\"sh-iconbox-content\">\n\t\t\t\tB\u00fcy\u00fckkayac\u0131k, OSB. 422.sok No:13, 42160 Sel\u00e7uklu\/Konya\/T\u00dcRK\u0130YE\t\t\t<\/div>\n\t\t<\/div>\n\n\t<\/div>\n            <style type=\"text\/css\">\n                #iconbox-cTM5FWt0K4 .sh-iconbox-title h3 {color: #ffffff;font-size: 16px;}#iconbox-cTM5FWt0K4 .sh-iconbox-hover {color: #ffffff;}#iconbox-cTM5FWt0K4.sh-iconbox-style6 .sh-iconbox-hover {text-shadow: -3px 2px rgba(255,255,255,0.3);}#iconbox-cTM5FWt0K4 .sh-iconbox-content {color: #e1edef;}            <\/style>\n        [\/vc_column][vc_column width=&#8221;1\/3&#8243; overflow=&#8221;default&#8221; css=&#8221;.vc_custom_1566223518231{background-color: #0089ce !important;}&#8221; max_width=&#8221;300&#8243; padding_tablet=&#8221;50px 0px 50px 0px&#8221;]\n<div class=\"sh-iconbox sh-iconbox-style2 sh-iconbox-left improved-responsiveness\" id=\"iconbox-o7Ayl9tPxM\">\n\t\n\t\t\t\t\t<div class=\"sh-iconbox-icon\">\n\t\t\t\t<div class=\"sh-iconbox-icon-shape sh-iconbox-square\">\n\t\t\t\t\t<i class=\"sh-iconbox-hover icon-phone\"><\/i>\n\n\t\t\t\t\t\t\t\t\t<\/div>\n\t\t\t<\/div>\n\t\t\n\t\t<div class=\"sh-iconbox-aside\">\n\t\t\t<div class=\"sh-iconbox-title\">\n\t\t\t\t\t\t\t\t\t<h3>Phone<\/h3>\n\t\t\t\t\t\t\t<\/div>\n\t\t\t<div class=\"sh-iconbox-seperator\"><\/div>\n\t\t\t<div class=\"sh-iconbox-content\">\n\t\t\t\t444 8 142<br \/>\n(0332) 345 06 00\t\t\t<\/div>\n\t\t<\/div>\n\n\t<\/div>\n            <style type=\"text\/css\">\n                #iconbox-o7Ayl9tPxM .sh-iconbox-title h3 {color: #ffffff;font-size: 16px;}#iconbox-o7Ayl9tPxM .sh-iconbox-hover {color: #ffffff;}#iconbox-o7Ayl9tPxM.sh-iconbox-style6 .sh-iconbox-hover {text-shadow: -3px 2px rgba(255,255,255,0.3);}#iconbox-o7Ayl9tPxM .sh-iconbox-content {color: #e1edef;}            <\/style>\n        [\/vc_column][vc_column][vc_column_text]<\/p>\n<p style=\"text-align: center;\"><iframe loading=\"lazy\" style=\"border: 0;\" src=\"https:\/\/www.google.com\/maps\/embed?pb=!1m14!1m8!1m3!1d12582.320302612734!2d32.6068073!3d37.9635899!3m2!1i1024!2i768!4f13.1!3m3!1m2!1s0x0%3A0x939ae18d0b5a5899!2sMosa%C5%9F+Group!5e0!3m2!1sen!2str!4v1564859802324!5m2!1sen!2str\" width=\"1920\" height=\"400\" frameborder=\"0\" allowfullscreen=\"allowfullscreen\" data-mce-fragment=\"1\"><\/iframe><\/p>\n<p>[\/vc_column_text][\/vc_column][\/vc_row]<\/p>\n","protected":false},"excerpt":{"rendered":"<p>[vc_row full_width=&#8221;stretch_row_content_no_spaces&#8221; equal_height=&#8221;yes&#8221; content_placement=&#8221;middle&#8221; css_animation=&#8221;slideInUp&#8221; overflow=&#8221;default&#8221; el_id=&#8221;contacts&#8221; css=&#8221;.vc_custom_1566221877018{margin-top: -75px !important;}&#8221;][vc_column width=&#8221;1\/3&#8243; overflow=&#8221;default&#8221; css=&#8221;.vc_custom_1566223461894{padding-top: 100px !important;padding-bottom: 80px !important;background-color: #108fcf !important;}&#8221; max_width=&#8221;300&#8243; padding_tablet=&#8221;50px 0px 50px 0px&#8221;] Email mosas@mosas.com.tr taralsa@taralsa.com.tr [\/vc_column][vc_column width=&#8221;1\/3&#8243; overflow=&#8221;default&#8221; css=&#8221;.vc_custom_1566223504411{background-color: #088cce !important;}&#8221; max_width=&#8221;300&#8243;&#8230;<\/p>\n","protected":false},"author":1,"featured_media":0,"parent":0,"menu_order":0,"comment_status":"closed","ping_status":"closed","template":"","meta":{"footnotes":""},"class_list":["post-260","page","type-page","status-publish","hentry"],"_links":{"self":[{"href":"https:\/\/www.mosas.com.tr\/levha\/wp-json\/wp\/v2\/pages\/260","targetHints":{"allow":["GET"]}}],"collection":[{"href":"https:\/\/www.mosas.com.tr\/levha\/wp-json\/wp\/v2\/pages"}],"about":[{"href":"https:\/\/www.mosas.com.tr\/levha\/wp-json\/wp\/v2\/types\/page"}],"author":[{"embeddable":true,"href":"https:\/\/www.mosas.com.tr\/levha\/wp-json\/wp\/v2\/users\/1"}],"replies":[{"embeddable":true,"href":"https:\/\/www.mosas.com.tr\/levha\/wp-json\/wp\/v2\/comments?post=260"}],"version-history":[{"count":2,"href":"https:\/\/www.mosas.com.tr\/levha\/wp-json\/wp\/v2\/pages\/260\/revisions"}],"predecessor-version":[{"id":262,"href":"https:\/\/www.mosas.com.tr\/levha\/wp-json\/wp\/v2\/pages\/260\/revisions\/262"}],"wp:attachment":[{"href":"https:\/\/www.mosas.com.tr\/levha\/wp-json\/wp\/v2\/media?parent=260"}],"curies":[{"name":"wp","href":"https:\/\/api.w.org\/{rel}","templated":true}]}}