{"id":257,"date":"2025-08-20T08:00:25","date_gmt":"2025-08-20T08:00:25","guid":{"rendered":"https:\/\/www.mosas.com.tr\/levha\/?page_id=257"},"modified":"2025-08-20T08:00:25","modified_gmt":"2025-08-20T08:00:25","slug":"257-2","status":"publish","type":"page","link":"https:\/\/www.mosas.com.tr\/levha\/en\/257-2\/","title":{"rendered":""},"content":{"rendered":"<p>[vc_row overflow=&#8221;default&#8221;][vc_column][vc_column_text]<\/p>\n<h3 data-start=\"81\" data-end=\"114\">Mosa\u015f Group Company<\/h3>\n<p data-start=\"116\" data-end=\"436\">With over 20 years of experience and expertise in the sector, <strong data-start=\"178\" data-end=\"193\">Mosa\u015f Group<\/strong> provides its valued customers with the most reliable technology and engineering services. Thanks to its investments in R&amp;D and engineering, today it stands as an important and growing force in Turkey\u2019s industry with more than 100 employees.<\/p>\n<p data-start=\"438\" data-end=\"1030\">Since its establishment, Mosa\u015f Group\u2019s brands have become increasingly widespread through successful projects implemented both in Turkey and abroad. Operating in a 10,200 m\u00b2 indoor production facility located in Konya\u2019s 4th Organized Industrial Zone, Mosa\u015f Group, with its dynamic and innovative company structure, consistently delivers products and services that exceed expectations, aiming at full customer satisfaction. Additionally, it operates an R&amp;D office in Ankara ODT\u00dc Teknokent, conducting studies in simulation software, wireless communication, and image processing technologies.<\/p>\n<p data-start=\"1032\" data-end=\"1439\">With its technical departments and teams, the company fulfills its clients\u2019 needs for projects, products, services, maintenance, assembly, and repair in a timely manner, adhering to quality principles. Leveraging its significant industry experience and knowledge, Mosa\u015f Group considers customer needs and satisfaction as its most valuable asset and carries out its projects meticulously in this direction.<\/p>\n<p data-start=\"1441\" data-end=\"1702\">Under the <strong data-start=\"1451\" data-end=\"1462\">TARALSA<\/strong> brand in the field of weighing technologies, Mosa\u015f Group manufactures weighbridges, wagon scales, industrial scales, indicators, load cells, pre-warning mobile weighing systems, unmanned weighing systems, and weighing automation systems.<\/p>\n<p data-start=\"1704\" data-end=\"2323\">In the field of <strong data-start=\"1720\" data-end=\"1751\">transportation technologies<\/strong>, it manufactures 5 mm LED and power LED traffic signal heads, synchronous flashers, intersection controllers, LED signal poles, uninterruptible power supplies for signalization, audible pedestrian devices and push buttons, portable variable message signs, smart intersection systems with cameras and loop detectors, traffic engineering services, hybrid smart traffic systems, variable message and traffic signs, radar speed warning systems, meteorology systems, intelligent transportation management platforms, simulation programs, and automatic level crossing systems.<\/p>\n<p data-start=\"2325\" data-end=\"2584\">In addition, Mosa\u015f Group produces <strong data-start=\"2359\" data-end=\"2407\">solar-powered and electric lighting fixtures<\/strong> in the field of lighting, as well as <strong data-start=\"2445\" data-end=\"2468\">steel constructions<\/strong> including flagpoles, lighting poles, camera poles, signalization poles, and various other types of constructions.<\/p>\n<p data-start=\"2586\" data-end=\"3056\">Mosa\u015f Group holds the necessary certifications such as <strong data-start=\"2641\" data-end=\"2809\">TS EN 12368, TS EN 50556, EN 12966, TS EN 45501, TS 13170, TS 12962, TS 13243, TS 12498, TS 12540, ISO 9001, ISO 14001, ISO 18001, and EC Type Approval Certificates<\/strong>, ensuring uncompromised quality in its production. With its vision of developing high-quality local products aimed at full customer satisfaction, the company continues to contribute significantly to the national economy while sustaining growth.<\/p>\n<p>[\/vc_column_text]\n            \n            <div class=\"sh-empty-space vc_empty_space sh-empty-space-Z6nryvTRUe  \" style=\"height: 30px\">\n                <span class=\"vc_empty_space_inner\"><\/span>\n            <\/div>\n\n        \n<div id=\"text-block-Qz0l8qd5Y1\" class=\"sh-text-block\">\n\t<\/p>\n<h2>INFORMATION SECURITY POLICY<\/h2>\n<p><\/div>\n            <style type=\"text\/css\">\n                #text-block-Qz0l8qd5Y1 {margin: 0px 0px 15px 0px;}#text-block-Qz0l8qd5Y1 a:hover,#text-block-Qz0l8qd5Y1 a:focus {color: #ff0000;}#text-block-Qz0l8qd5Y1 .drop-cap {font-weight: bold;font-size: 50px;display: block;float: left;margin: 8px 10px 0 0;}            <\/style>\n        [\/vc_column][\/vc_row][vc_row overflow=&#8221;default&#8221;][vc_column][vc_column_text]<\/p>\n<p data-start=\"3098\" data-end=\"3399\">During its foreign trade activities, <strong data-start=\"3135\" data-end=\"3150\">Mosa\u015f Group<\/strong> may have access to confidential and trade-specific information belonging to its customers. Ensuring the trust of the institutions and organizations we serve and securing the information assets we use in providing our services is our top priority.<\/p>\n<p data-start=\"3401\" data-end=\"3737\">In this context, our relationships with customers, official institutions, and distributors are highly valuable. The continuity of the services we provide, the confidentiality of the information we hold, and the integrity of our customers\u2019 and our own information assets are of utmost importance. For this purpose, we are committed to:<\/p>\n<ol data-start=\"3739\" data-end=\"4898\">\n<li data-start=\"3739\" data-end=\"3893\">\n<p data-start=\"3742\" data-end=\"3893\">Protecting the confidentiality, integrity, accessibility within authorization, and continuity of all corporate and personal information within scope,<\/p>\n<\/li>\n<li data-start=\"3894\" data-end=\"4050\">\n<p data-start=\"3897\" data-end=\"4050\">Providing our services in compliance with legal regulations, legislative provisions, and contracts, in an error-free, timely, and uninterrupted manner,<\/p>\n<\/li>\n<li data-start=\"4051\" data-end=\"4256\">\n<p data-start=\"4054\" data-end=\"4256\">Allocating the necessary resources for the establishment, operation, and continuous improvement of our information security management system in compliance with the <strong data-start=\"4219\" data-end=\"4253\">TS ISO\/IEC 27001 ISMS standard<\/strong>,<\/p>\n<\/li>\n<li data-start=\"4257\" data-end=\"4429\">\n<p data-start=\"4260\" data-end=\"4429\">Ensuring that business processes are carried out in accordance with the policies and procedures prepared and approved under the information security management system,<\/p>\n<\/li>\n<li data-start=\"4430\" data-end=\"4518\">\n<p data-start=\"4433\" data-end=\"4518\">Complying with all legal regulations and contracts related to information security,<\/p>\n<\/li>\n<li data-start=\"4519\" data-end=\"4605\">\n<p data-start=\"4522\" data-end=\"4605\">Identifying risks related to information assets and managing them systematically,<\/p>\n<\/li>\n<li data-start=\"4606\" data-end=\"4731\">\n<p data-start=\"4609\" data-end=\"4731\">Conducting training to enhance technical and behavioral competencies aimed at increasing information security awareness,<\/p>\n<\/li>\n<li data-start=\"4732\" data-end=\"4898\">\n<p data-start=\"4735\" data-end=\"4898\">Establishing a dynamic structure to adapt to developments and changes in the field of information technologies and strengthening communications with authorities.<\/p>\n<\/li>\n<\/ol>\n<p>[\/vc_column_text]\n<div id=\"icon-group-omtac3k7Qf\" class=\"sh-icon-group sh-icon-group-center sh-icon-group-style2\">\n\t\n\t\t\t<div class=\"sh-icon-group-item\">\n\t\t\t\t<div class=\"sh-icon-group-item-container\">\n\t\t\t\t\t\t\t\t\t\t\t<a href=\"https:\/\/www.instagram.com\/mosasgroup\" target=\"_blank\">\n\t\t\t\t\t\n\t\t\t\t\t\t<i class=\"icon-social-instagram\"><\/i>\n\n\t\t\t\t\t\t\t\t\t\t\t<\/a>\n\t\t\t\t\t\t\t\t\t<\/div>\n\t\t\t<\/div>\n\n\t\n\t\t\t<div class=\"sh-icon-group-item\">\n\t\t\t\t<div class=\"sh-icon-group-item-container\">\n\t\t\t\t\t\t\t\t\t\t\t<a href=\"https:\/\/www.facebook.com\/mosasgroup\" target=\"_blank\">\n\t\t\t\t\t\n\t\t\t\t\t\t<i class=\"fa fa-facebook-official\"><\/i>\n\n\t\t\t\t\t\t\t\t\t\t\t<\/a>\n\t\t\t\t\t\t\t\t\t<\/div>\n\t\t\t<\/div>\n\n\t\n\t\t\t<div class=\"sh-icon-group-item\">\n\t\t\t\t<div class=\"sh-icon-group-item-container\">\n\t\t\t\t\t\t\t\t\t\t\t<a href=\"https:\/\/www.youtube.com\/channel\/UCAwFjKRD3Y5hwjNy7G1EuvA?\" target=\"_blank\">\n\t\t\t\t\t\n\t\t\t\t\t\t<i class=\"icon-social-youtube\"><\/i>\n\n\t\t\t\t\t\t\t\t\t\t\t<\/a>\n\t\t\t\t\t\t\t\t\t<\/div>\n\t\t\t<\/div>\n\n\t<\/div>\n            <style type=\"text\/css\">\n                            <\/style>\n        \n            \n            <div class=\"sh-empty-space vc_empty_space sh-empty-space-kcpLmwSQRf  \" style=\"height: 30px\">\n                <span class=\"vc_empty_space_inner\"><\/span>\n            <\/div>\n\n        [\/vc_column][\/vc_row][vc_row overflow=&#8221;default&#8221;][vc_column css_animation=&#8221;fadeInUp&#8221; width=&#8221;1\/3&#8243; responsive_border=&#8221;disabled&#8221; css=&#8221;.vc_custom_1535116738067{border-left-width: 1px !important;padding-top: 0px !important;padding-bottom: 0px !important;border-left-color: #ececec !important;border-left-style: solid !important;}&#8221; max_width=&#8221;450px&#8221;]\n            \n            <div class=\"sh-empty-space vc_empty_space sh-empty-space-cpu5qnFoMe  \" style=\"height: 50px\">\n                <span class=\"vc_empty_space_inner\"><\/span>\n            <\/div>\n\n        \n<div class=\"sh-iconbox sh-iconbox-style2 sh-iconbox-left improved-responsiveness\" id=\"iconbox-PUsfnw59Am\">\n\t\n\t\t\t\t\t<div class=\"sh-iconbox-icon\">\n\t\t\t\t<div class=\"sh-iconbox-icon-shape sh-iconbox-square\">\n\t\t\t\t\t<i class=\"sh-iconbox-hover icon-home\"><\/i>\n\n\t\t\t\t\t\t\t\t\t<\/div>\n\t\t\t<\/div>\n\t\t\n\t\t<div class=\"sh-iconbox-aside\">\n\t\t\t<div class=\"sh-iconbox-title\">\n\t\t\t\t\t\t\t\t\t<h3>10200 m2 kapal\u0131 alana kurulu<\/h3>\n\t\t\t\t\t\t\t<\/div>\n\t\t\t<div class=\"sh-iconbox-seperator\"><\/div>\n\t\t\t<div class=\"sh-iconbox-content\">\n\t\t\t\t\u00fcretim ve Ar-Ge faaliyetlerinin y\u00fcr\u00fct\u00fcld\u00fc\u011f\u00fc, yeni nesil test cihazlar\u0131 ile donat\u0131lm\u0131\u015f bir teknoloji \u00fcss\u00fc\t\t\t<\/div>\n\t\t<\/div>\n\n\t<\/div>\n            <style type=\"text\/css\">\n                #iconbox-PUsfnw59Am .sh-iconbox-title h3 {color: #505050;font-size: 16px;}#iconbox-PUsfnw59Am.sh-iconbox-left .sh-iconbox-aside {margin-left: 7.2px;}#iconbox-PUsfnw59Am .sh-iconbox-hover {font-size: 36px;}#iconbox-PUsfnw59Am.sh-iconbox-left .sh-iconbox-aside {padding-left: 66px;}#iconbox-PUsfnw59Am .sh-iconbox-hover {color: #b6b6b6;}#iconbox-PUsfnw59Am.sh-iconbox-style6 .sh-iconbox-hover {text-shadow: -3px 2px rgba(182,182,182,0.3);}#iconbox-PUsfnw59Am .sh-iconbox-content {color: #8d8d8d;}#iconbox-PUsfnw59Am:hover .sh-iconbox-hover {color: #47c9e5;}            <\/style>\n        [\/vc_column][vc_column css_animation=&#8221;fadeInUp&#8221; width=&#8221;1\/3&#8243; responsive_border=&#8221;disabled&#8221; css=&#8221;.vc_custom_1535116721894{border-left-width: 1px !important;padding-top: 0px !important;padding-bottom: 0px !important;border-left-color: #ececec !important;border-left-style: solid !important;}&#8221; max_width=&#8221;450&#8243;]\n            \n            <div class=\"sh-empty-space vc_empty_space sh-empty-space-KIaBGv5JQT  \" style=\"height: 50px\">\n                <span class=\"vc_empty_space_inner\"><\/span>\n            <\/div>\n\n        \n<div class=\"sh-iconbox sh-iconbox-style2 sh-iconbox-left improved-responsiveness\" id=\"iconbox-yjOTQPZv9V\">\n\t\n\t\t\t\t\t<div class=\"sh-iconbox-icon\">\n\t\t\t\t<div class=\"sh-iconbox-icon-shape sh-iconbox-square\">\n\t\t\t\t\t<i class=\"sh-iconbox-hover icon-people\"><\/i>\n\n\t\t\t\t\t\t\t\t\t<\/div>\n\t\t\t<\/div>\n\t\t\n\t\t<div class=\"sh-iconbox-aside\">\n\t\t\t<div class=\"sh-iconbox-title\">\n\t\t\t\t\t\t\t\t\t<h3>143 ki\u015filik<\/h3>\n\t\t\t\t\t\t\t<\/div>\n\t\t\t<div class=\"sh-iconbox-seperator\"><\/div>\n\t\t\t<div class=\"sh-iconbox-content\">\n\t\t\t\ther biri alan\u0131nda uzman kadro\t\t\t<\/div>\n\t\t<\/div>\n\n\t<\/div>\n            <style type=\"text\/css\">\n                #iconbox-yjOTQPZv9V .sh-iconbox-title h3 {color: #505050;font-size: 16px;}#iconbox-yjOTQPZv9V.sh-iconbox-left .sh-iconbox-aside {margin-left: 7.2px;}#iconbox-yjOTQPZv9V .sh-iconbox-hover {font-size: 36px;}#iconbox-yjOTQPZv9V.sh-iconbox-left .sh-iconbox-aside {padding-left: 66px;}#iconbox-yjOTQPZv9V .sh-iconbox-hover {color: #b6b6b6;}#iconbox-yjOTQPZv9V.sh-iconbox-style6 .sh-iconbox-hover {text-shadow: -3px 2px rgba(182,182,182,0.3);}#iconbox-yjOTQPZv9V .sh-iconbox-content {color: #8d8d8d;}#iconbox-yjOTQPZv9V:hover .sh-iconbox-hover {color: #47c9e5;}            <\/style>\n        [\/vc_column][vc_column css_animation=&#8221;fadeInUp&#8221; width=&#8221;1\/3&#8243; responsive_border=&#8221;disabled&#8221; css=&#8221;.vc_custom_1535116743387{border-left-width: 1px !important;padding-top: 0px !important;padding-bottom: 0px !important;border-left-color: #ececec !important;border-left-style: solid !important;}&#8221; max_width=&#8221;450&#8243;]\n            \n            <div class=\"sh-empty-space vc_empty_space sh-empty-space-5UNsj9o0vq  \" style=\"height: 50px\">\n                <span class=\"vc_empty_space_inner\"><\/span>\n            <\/div>\n\n        \n<div class=\"sh-iconbox sh-iconbox-style2 sh-iconbox-left improved-responsiveness\" id=\"iconbox-1ELjDFMkgQ\">\n\t\n\t\t\t\t\t<div class=\"sh-iconbox-icon\">\n\t\t\t\t<div class=\"sh-iconbox-icon-shape sh-iconbox-square\">\n\t\t\t\t\t<i class=\"sh-iconbox-hover pe-7s-global\"><\/i>\n\n\t\t\t\t\t\t\t\t\t<\/div>\n\t\t\t<\/div>\n\t\t\n\t\t<div class=\"sh-iconbox-aside\">\n\t\t\t<div class=\"sh-iconbox-title\">\n\t\t\t\t\t\t\t\t\t<h3>93 farkl\u0131<\/h3>\n\t\t\t\t\t\t\t<\/div>\n\t\t\t<div class=\"sh-iconbox-seperator\"><\/div>\n\t\t\t<div class=\"sh-iconbox-content\">\n\t\t\t\tD\u00fcnya\u2019da ve T\u00fcrkiye\u2019de 93 farkl\u0131 \u015fehirde ba\u015far\u0131 ile tamamlanm\u0131\u015f proje\t\t\t<\/div>\n\t\t<\/div>\n\n\t<\/div>\n            <style type=\"text\/css\">\n                #iconbox-1ELjDFMkgQ .sh-iconbox-title h3 {color: #505050;font-size: 16px;}#iconbox-1ELjDFMkgQ.sh-iconbox-left .sh-iconbox-aside {margin-left: 7.2px;}#iconbox-1ELjDFMkgQ .sh-iconbox-hover {font-size: 36px;}#iconbox-1ELjDFMkgQ.sh-iconbox-left .sh-iconbox-aside {padding-left: 66px;}#iconbox-1ELjDFMkgQ .sh-iconbox-hover {color: #b6b6b6;}#iconbox-1ELjDFMkgQ.sh-iconbox-style6 .sh-iconbox-hover {text-shadow: -3px 2px rgba(182,182,182,0.3);}#iconbox-1ELjDFMkgQ .sh-iconbox-content {color: #8d8d8d;}#iconbox-1ELjDFMkgQ:hover .sh-iconbox-hover {color: #47c9e5;}            <\/style>\n        [\/vc_column][\/vc_row][vc_row full_width=&#8221;stretch_row&#8221; overflow=&#8221;default&#8221; css=&#8221;.vc_custom_1566222089595{margin-top: 50px !important;margin-bottom: 0px !important;padding-top: 40px !important;padding-bottom: 80px !important;background-color: #f9f9f9 !important;}&#8221;][vc_column]\n<div id=\"divider-PpoIKUtRfl\" class=\"sh-divider sh-divider- sh-divider-content-title_option\">\n\t\t\t<div class=\"sh-divider-content\">\n\t\t\t<span class=\"sh-divider-title\">\n\t\t\t\tMarkalar\u0131m\u0131z\t\t\t<\/span>\n\t\t<\/div>\n\t<\/div>\n            <style type=\"text\/css\">\n                #divider-PpoIKUtRfl {}#divider-PpoIKUtRfl .sh-divider-content:before,#divider-PpoIKUtRfl .sh-divider-content:after {border-top-width: 1px;margin-top: -1pxpx;border-top-color: #b8b8b8;border-top-style: solid;}#divider-PpoIKUtRfl .sh-divider-title {color: #b8b8b8;}            <\/style>\n        \n\n\n\n<div id=\"partners-tLVebmaF0M\" class=\"sh-partners-carousel\" data-autoplay=\"1000\" data-id=\"5\">\n\t\t\t\t\t\t<div class=\"\">\n\t\t\t\t<div class=\"sh-partners-carousel-item-content\">\n\t\t\t\t\t\n\t\t\t\t\t<img decoding=\"async\" src=\"\" alt=\"\" \/>\n\n\t\t\t\t\t\t\t\t\t<\/div>\n\t\t\t<\/div>\n\t\t\t\t\t<div class=\"\">\n\t\t\t\t<div class=\"sh-partners-carousel-item-content\">\n\t\t\t\t\t\n\t\t\t\t\t<img decoding=\"async\" src=\"\" alt=\"\" \/>\n\n\t\t\t\t\t\t\t\t\t<\/div>\n\t\t\t<\/div>\n\t\t\t\t\t<div class=\"\">\n\t\t\t\t<div class=\"sh-partners-carousel-item-content\">\n\t\t\t\t\t\n\t\t\t\t\t<img decoding=\"async\" src=\"\" alt=\"\" \/>\n\n\t\t\t\t\t\t\t\t\t<\/div>\n\t\t\t<\/div>\n\t\t\t\t\t<div class=\"\">\n\t\t\t\t<div class=\"sh-partners-carousel-item-content\">\n\t\t\t\t\t\n\t\t\t\t\t<img decoding=\"async\" src=\"\" alt=\"\" \/>\n\n\t\t\t\t\t\t\t\t\t<\/div>\n\t\t\t<\/div>\n\t\t\t\t\t<div class=\"\">\n\t\t\t\t<div class=\"sh-partners-carousel-item-content\">\n\t\t\t\t\t\n\t\t\t\t\t<img decoding=\"async\" src=\"\" alt=\"\" \/>\n\n\t\t\t\t\t\t\t\t\t<\/div>\n\t\t\t<\/div>\n\t\t\t\t\t<div class=\"\">\n\t\t\t\t<div class=\"sh-partners-carousel-item-content\">\n\t\t\t\t\t\n\t\t\t\t\t<img decoding=\"async\" src=\"\" alt=\"\" \/>\n\n\t\t\t\t\t\t\t\t\t<\/div>\n\t\t\t<\/div>\n\t\t\t\t\t<div class=\"\">\n\t\t\t\t<div class=\"sh-partners-carousel-item-content\">\n\t\t\t\t\t\n\t\t\t\t\t<img decoding=\"async\" src=\"\" alt=\"\" \/>\n\n\t\t\t\t\t\t\t\t\t<\/div>\n\t\t\t<\/div>\n\t\t\t\t\t<div class=\"\">\n\t\t\t\t<div class=\"sh-partners-carousel-item-content\">\n\t\t\t\t\t\n\t\t\t\t\t<img decoding=\"async\" src=\"\" alt=\"\" \/>\n\n\t\t\t\t\t\t\t\t\t<\/div>\n\t\t\t<\/div>\n\t\t\t\t\t<div class=\"\">\n\t\t\t\t<div class=\"sh-partners-carousel-item-content\">\n\t\t\t\t\t\n\t\t\t\t\t<img decoding=\"async\" src=\"\" alt=\"\" \/>\n\n\t\t\t\t\t\t\t\t\t<\/div>\n\t\t\t<\/div>\n\t\t\t\t\t<div class=\"\">\n\t\t\t\t<div class=\"sh-partners-carousel-item-content\">\n\t\t\t\t\t\n\t\t\t\t\t<img decoding=\"async\" src=\"\" alt=\"\" \/>\n\n\t\t\t\t\t\t\t\t\t<\/div>\n\t\t\t<\/div>\n\t\t\t\t\t<div class=\"\">\n\t\t\t\t<div class=\"sh-partners-carousel-item-content\">\n\t\t\t\t\t\n\t\t\t\t\t<img decoding=\"async\" src=\"\" alt=\"\" \/>\n\n\t\t\t\t\t\t\t\t\t<\/div>\n\t\t\t<\/div>\n\t\t\t\t\t<div class=\"\">\n\t\t\t\t<div class=\"sh-partners-carousel-item-content\">\n\t\t\t\t\t\n\t\t\t\t\t<img decoding=\"async\" src=\"\" alt=\"\" \/>\n\n\t\t\t\t\t\t\t\t\t<\/div>\n\t\t\t<\/div>\n\t\t\t\t\t<div class=\"\">\n\t\t\t\t<div class=\"sh-partners-carousel-item-content\">\n\t\t\t\t\t\n\t\t\t\t\t<img decoding=\"async\" src=\"\" alt=\"\" \/>\n\n\t\t\t\t\t\t\t\t\t<\/div>\n\t\t\t<\/div>\n\t\t\t\t\t<div class=\"\">\n\t\t\t\t<div class=\"sh-partners-carousel-item-content\">\n\t\t\t\t\t\n\t\t\t\t\t<img decoding=\"async\" src=\"\" alt=\"\" \/>\n\n\t\t\t\t\t\t\t\t\t<\/div>\n\t\t\t<\/div>\n\t\t\t<\/div>\n            <style type=\"text\/css\">\n                #partners-tLVebmaF0M a img:hover {opacity: 0.75!important;}#partners-tLVebmaF0M .sh-partners-item {width: 20%;}@media (max-width: 1000px) {#partners-tLVebmaF0M .sh-partners-item {width: 33%;}}@media (max-width: 850px) {#partners-tLVebmaF0M .sh-partners-item {width: 50%;}}#partners-tLVebmaF0M .slick-slide:not(:last-child) {border-right: 1px solid rgba(0,0,0,0.08);}            <\/style>\n        [\/vc_column][\/vc_row][vc_row full_width=&#8221;stretch_row_content_no_spaces&#8221; overflow=&#8221;default&#8221;][vc_column][vc_single_image image=&#8221;3181&#8243; img_size=&#8221;full&#8221; alignment=&#8221;center&#8221; css_animation=&#8221;slideInUp&#8221;][\/vc_column][\/vc_row]<\/p>\n","protected":false},"excerpt":{"rendered":"<p>[vc_row overflow=&#8221;default&#8221;][vc_column][vc_column_text] Mosa\u015f Group Company With over 20 years of experience and expertise in the sector, Mosa\u015f Group provides its valued customers with the most reliable technology and engineering services. Thanks to its investments&#8230;<\/p>\n","protected":false},"author":1,"featured_media":0,"parent":0,"menu_order":0,"comment_status":"closed","ping_status":"closed","template":"","meta":{"footnotes":""},"class_list":["post-257","page","type-page","status-publish","hentry"],"_links":{"self":[{"href":"https:\/\/www.mosas.com.tr\/levha\/wp-json\/wp\/v2\/pages\/257","targetHints":{"allow":["GET"]}}],"collection":[{"href":"https:\/\/www.mosas.com.tr\/levha\/wp-json\/wp\/v2\/pages"}],"about":[{"href":"https:\/\/www.mosas.com.tr\/levha\/wp-json\/wp\/v2\/types\/page"}],"author":[{"embeddable":true,"href":"https:\/\/www.mosas.com.tr\/levha\/wp-json\/wp\/v2\/users\/1"}],"replies":[{"embeddable":true,"href":"https:\/\/www.mosas.com.tr\/levha\/wp-json\/wp\/v2\/comments?post=257"}],"version-history":[{"count":1,"href":"https:\/\/www.mosas.com.tr\/levha\/wp-json\/wp\/v2\/pages\/257\/revisions"}],"predecessor-version":[{"id":258,"href":"https:\/\/www.mosas.com.tr\/levha\/wp-json\/wp\/v2\/pages\/257\/revisions\/258"}],"wp:attachment":[{"href":"https:\/\/www.mosas.com.tr\/levha\/wp-json\/wp\/v2\/media?parent=257"}],"curies":[{"name":"wp","href":"https:\/\/api.w.org\/{rel}","templated":true}]}}